{"id":27,"date":"2024-04-03T13:16:48","date_gmt":"2024-04-03T13:16:48","guid":{"rendered":"https:\/\/studiodwa.com.br\/minha-conta\/"},"modified":"2025-03-20T09:28:27","modified_gmt":"2025-03-20T12:28:27","slug":"minha-conta","status":"publish","type":"page","link":"https:\/\/studiodwa.com.br\/pt_br\/minha-conta\/","title":{"rendered":"A minha conta"},"content":{"rendered":"\t\t<div data-elementor-type=\"wp-page\" data-elementor-id=\"27\" class=\"elementor elementor-27\" data-elementor-post-type=\"page\">\n\t\t\t\t<div class=\"elementor-element elementor-element-71e2e07 e-flex e-con-boxed e-con e-parent\" data-id=\"71e2e07\" data-element_type=\"container\">\n\t\t\t\t\t<div class=\"e-con-inner\">\n\t\t\t\t<div class=\"elementor-element elementor-element-4a37bdb e-my-account-tabs-vertical elementor-widget elementor-widget-woocommerce-my-account\" data-id=\"4a37bdb\" data-element_type=\"widget\" data-widget_type=\"woocommerce-my-account.default\">\n\t\t\t\t<div class=\"elementor-widget-container\">\n\t\t\t\t\t<div class=\"e-my-account-tab e-my-account-tab__ \">\t\t\t<div class=\"woocommerce\"><\/div>\t\t<\/div>\n\t\t\t\t\t\t<\/div>\n\t\t\t\t<\/div>\n\t\t\t\t\t<\/div>\n\t\t\t\t<\/div>\n\t\t\t\t<\/div>\n\t\t","protected":false},"excerpt":{"rendered":"<p>Arraste e solte a imagem aqui Ou clique para procurar seu arquivoEnviar Envie uma imagem JPG, JPEG, GIF, PNG ou WebP. Tamanho m\u00e1ximo de 5MB. MERCADO LTDA lucasddoliveira@icloud.com Menu da conta Painel Pedidos 0 Meus endere\u00e7os Detalhes da conta Sair Painel Ol\u00e1, MERCADO LTDA (n\u00e3o \u00e9 MERCADO LTDA? Sair) A partir do painel de controle [&hellip;]<\/p>\n","protected":false},"author":1,"featured_media":0,"parent":0,"menu_order":0,"comment_status":"closed","ping_status":"closed","template":"elementor_header_footer","meta":{"footnotes":""},"class_list":["post-27","page","type-page","status-publish","hentry"],"_links":{"self":[{"href":"https:\/\/studiodwa.com.br\/pt_br\/wp-json\/wp\/v2\/pages\/27","targetHints":{"allow":["GET"]}}],"collection":[{"href":"https:\/\/studiodwa.com.br\/pt_br\/wp-json\/wp\/v2\/pages"}],"about":[{"href":"https:\/\/studiodwa.com.br\/pt_br\/wp-json\/wp\/v2\/types\/page"}],"author":[{"embeddable":true,"href":"https:\/\/studiodwa.com.br\/pt_br\/wp-json\/wp\/v2\/users\/1"}],"replies":[{"embeddable":true,"href":"https:\/\/studiodwa.com.br\/pt_br\/wp-json\/wp\/v2\/comments?post=27"}],"version-history":[{"count":22,"href":"https:\/\/studiodwa.com.br\/pt_br\/wp-json\/wp\/v2\/pages\/27\/revisions"}],"predecessor-version":[{"id":4075,"href":"https:\/\/studiodwa.com.br\/pt_br\/wp-json\/wp\/v2\/pages\/27\/revisions\/4075"}],"wp:attachment":[{"href":"https:\/\/studiodwa.com.br\/pt_br\/wp-json\/wp\/v2\/media?parent=27"}],"curies":[{"name":"wp","href":"https:\/\/api.w.org\/{rel}","templated":true}]}}