{"id":2054,"date":"2024-06-20T13:10:23","date_gmt":"2024-06-20T13:10:23","guid":{"rendered":"https:\/\/studiodwa.com.br\/?post_type=product&#038;p=2054"},"modified":"2025-02-25T13:43:39","modified_gmt":"2025-02-25T16:43:39","slug":"topalca","status":"publish","type":"product","link":"https:\/\/studiodwa.com.br\/pt_br\/produto\/topalca\/","title":{"rendered":"top al\u00e7a"},"content":{"rendered":"<pre>Com a modelagem hiper confort\u00e1vel o top al\u00e7a tem substitu\u00eddo o suti\u00e3, possui o bojo remov\u00edvel e \u00e9 confeccionado com um tecido super macio onde as al\u00e7as acompanham o corpo, substituindo a al\u00e7a convencional, al\u00e9m disso, possui fecho na parte de tr\u00e1s que facilita na hora de vestir.\r\n\r\ncomposi\u00e7\u00e3o:\r\n91% poliamida 9% elastano<\/pre>\n","protected":false},"excerpt":{"rendered":"<pre>Com a modelagem hiper confort\u00e1vel o top al\u00e7a tem substitu\u00eddo o suti\u00e3, possui o bojo remov\u00edvel e \u00e9 confeccionado com um tecido super macio onde as al\u00e7as acompanham o corpo, substituindo a al\u00e7a convencional, al\u00e9m disso, possui fecho na parte de tr\u00e1s que facilita na hora de vestir.<\/pre>\n","protected":false},"featured_media":2470,"comment_status":"open","ping_status":"closed","template":"","meta":[],"product_brand":[],"product_cat":[118,140,126,127],"product_tag":[],"class_list":{"0":"post-2054","1":"product","2":"type-product","3":"status-publish","4":"has-post-thumbnail","6":"product_cat-feminino","7":"product_cat-intima-feminino","8":"product_cat-sutia","9":"product_cat-top","10":"pa_cor-azul-marinho","11":"pa_cor-bege","12":"pa_cor-branco","13":"pa_cor-preto","14":"pa_cor-rosa","15":"pa_cor-rosa-pink","16":"pa_cor-verde-oliva","17":"pa_tamanho-corpo-p","18":"pa_tamanho-corpo-m","19":"pa_tamanho-corpo-g","20":"pa_tamanho-corpo-gg","21":"pa_tamanho-corpo-xg","22":"pa_tamanho-corpo-xxg","24":"first","25":"instock","26":"shipping-taxable","27":"purchasable","28":"product-type-variable"},"_links":{"self":[{"href":"https:\/\/studiodwa.com.br\/pt_br\/wp-json\/wp\/v2\/product\/2054","targetHints":{"allow":["GET"]}}],"collection":[{"href":"https:\/\/studiodwa.com.br\/pt_br\/wp-json\/wp\/v2\/product"}],"about":[{"href":"https:\/\/studiodwa.com.br\/pt_br\/wp-json\/wp\/v2\/types\/product"}],"replies":[{"embeddable":true,"href":"https:\/\/studiodwa.com.br\/pt_br\/wp-json\/wp\/v2\/comments?post=2054"}],"wp:featuredmedia":[{"embeddable":true,"href":"https:\/\/studiodwa.com.br\/pt_br\/wp-json\/wp\/v2\/media\/2470"}],"wp:attachment":[{"href":"https:\/\/studiodwa.com.br\/pt_br\/wp-json\/wp\/v2\/media?parent=2054"}],"wp:term":[{"taxonomy":"product_brand","embeddable":true,"href":"https:\/\/studiodwa.com.br\/pt_br\/wp-json\/wp\/v2\/product_brand?post=2054"},{"taxonomy":"product_cat","embeddable":true,"href":"https:\/\/studiodwa.com.br\/pt_br\/wp-json\/wp\/v2\/product_cat?post=2054"},{"taxonomy":"product_tag","embeddable":true,"href":"https:\/\/studiodwa.com.br\/pt_br\/wp-json\/wp\/v2\/product_tag?post=2054"}],"curies":[{"name":"wp","href":"https:\/\/api.w.org\/{rel}","templated":true}]}}