{"id":2107,"date":"2024-06-20T13:11:41","date_gmt":"2024-06-20T13:11:41","guid":{"rendered":"https:\/\/studiodwa.com.br\/?post_type=product&#038;p=2107"},"modified":"2024-12-16T16:36:41","modified_gmt":"2024-12-16T16:36:41","slug":"topnadador","status":"publish","type":"product","link":"https:\/\/studiodwa.com.br\/pt_br\/produto\/topnadador\/","title":{"rendered":"top nadador"},"content":{"rendered":"<pre>O top nadador foi desenvolvido para garantir o m\u00e1ximo conforto e seguran\u00e7a na hora do treino, a modelagem garante a sustenta\u00e7\u00e3o necess\u00e1ria para a realiza\u00e7\u00e3o de qualquer exerc\u00edcio f\u00edsico. Ele possui a lateral larga e bojo remov\u00edvel, permitindo a personaliza\u00e7\u00e3o do modelo.\r\n\r\ncomposi\u00e7\u00e3o:\r\n91% poliamida 9% elastano<\/pre>\n<p>&nbsp;<\/p>\n","protected":false},"excerpt":{"rendered":"<pre>O top nadador foi desenvolvido para garantir o m\u00e1ximo conforto e seguran\u00e7a na hora do treino, a modelagem garante a sustenta\u00e7\u00e3o necess\u00e1ria para a realiza\u00e7\u00e3o de qualquer exerc\u00edcio f\u00edsico. Ele possui a lateral larga e bojo remov\u00edvel, permitindo a personaliza\u00e7\u00e3o do modelo.<\/pre>\n","protected":false},"featured_media":2461,"comment_status":"open","ping_status":"closed","template":"","meta":[],"product_brand":[],"product_cat":[137,118,127],"product_tag":[],"class_list":{"0":"post-2107","1":"product","2":"type-product","3":"status-publish","4":"has-post-thumbnail","6":"product_cat-esportivo-feminino","7":"product_cat-feminino","8":"product_cat-top","9":"pa_cor-azul-marinho","10":"pa_cor-bege","11":"pa_cor-branco","12":"pa_cor-preto","13":"pa_cor-rosa","14":"pa_cor-rosa-pink","15":"pa_cor-verde-oliva","16":"pa_tamanho-corpo-p","17":"pa_tamanho-corpo-m","18":"pa_tamanho-corpo-g","19":"pa_tamanho-corpo-gg","20":"pa_tamanho-corpo-xg","21":"pa_tamanho-corpo-xxg","23":"first","24":"instock","25":"shipping-taxable","26":"purchasable","27":"product-type-variable"},"_links":{"self":[{"href":"https:\/\/studiodwa.com.br\/pt_br\/wp-json\/wp\/v2\/product\/2107","targetHints":{"allow":["GET"]}}],"collection":[{"href":"https:\/\/studiodwa.com.br\/pt_br\/wp-json\/wp\/v2\/product"}],"about":[{"href":"https:\/\/studiodwa.com.br\/pt_br\/wp-json\/wp\/v2\/types\/product"}],"replies":[{"embeddable":true,"href":"https:\/\/studiodwa.com.br\/pt_br\/wp-json\/wp\/v2\/comments?post=2107"}],"wp:featuredmedia":[{"embeddable":true,"href":"https:\/\/studiodwa.com.br\/pt_br\/wp-json\/wp\/v2\/media\/2461"}],"wp:attachment":[{"href":"https:\/\/studiodwa.com.br\/pt_br\/wp-json\/wp\/v2\/media?parent=2107"}],"wp:term":[{"taxonomy":"product_brand","embeddable":true,"href":"https:\/\/studiodwa.com.br\/pt_br\/wp-json\/wp\/v2\/product_brand?post=2107"},{"taxonomy":"product_cat","embeddable":true,"href":"https:\/\/studiodwa.com.br\/pt_br\/wp-json\/wp\/v2\/product_cat?post=2107"},{"taxonomy":"product_tag","embeddable":true,"href":"https:\/\/studiodwa.com.br\/pt_br\/wp-json\/wp\/v2\/product_tag?post=2107"}],"curies":[{"name":"wp","href":"https:\/\/api.w.org\/{rel}","templated":true}]}}