{"id":2209,"date":"2024-06-20T13:11:54","date_gmt":"2024-06-20T13:11:54","guid":{"rendered":"https:\/\/studiodwa.com.br\/?post_type=product&#038;p=2209"},"modified":"2024-06-26T14:57:31","modified_gmt":"2024-06-26T14:57:31","slug":"topnadadorinfantil","status":"publish","type":"product","link":"https:\/\/studiodwa.com.br\/pt_br\/produto\/topnadadorinfantil\/","title":{"rendered":"top nadador infantil"},"content":{"rendered":"<pre>O top nadador infantil foi desenvolvido para garantir o m\u00e1ximo conforto e seguran\u00e7a na hora da brincadeira, a modelagem garante todo conforto necess\u00e1rio para elas. A lateral \u00e9 larguinha e o bojo remov\u00edvel, permitindo a personaliza\u00e7\u00e3o da pe\u00e7a conforme a necessidade.\r\n\r\ncomposi\u00e7\u00e3o:\r\n90% poliamida 10% elastano<\/pre>\n","protected":false},"excerpt":{"rendered":"<pre>O top nadador infantil foi desenvolvido para garantir o m\u00e1ximo conforto e seguran\u00e7a na hora da brincadeira, a modelagem garante todo conforto necess\u00e1rio para elas. A lateral \u00e9 larguinha e o bojo remov\u00edvel, permitindo a personaliza\u00e7\u00e3o da pe\u00e7a conforme a necessidade.<\/pre>\n","protected":false},"featured_media":2472,"comment_status":"open","ping_status":"closed","template":"","meta":[],"product_brand":[],"product_cat":[128,131],"product_tag":[],"class_list":{"0":"post-2209","1":"product","2":"type-product","3":"status-publish","4":"has-post-thumbnail","6":"product_cat-infantil","7":"product_cat-top-infantil","8":"pa_cor-azul-marinho","9":"pa_cor-bege","10":"pa_cor-branco","11":"pa_cor-preto","12":"pa_cor-rosa","13":"pa_cor-rosa-pink","14":"pa_cor-verde-oliva","15":"pa_tamanho-corpo-p","16":"pa_tamanho-corpo-m","17":"pa_tamanho-corpo-g","18":"pa_tamanho-corpo-gg","20":"first","21":"instock","22":"shipping-taxable","23":"purchasable","24":"product-type-simple"},"_links":{"self":[{"href":"https:\/\/studiodwa.com.br\/pt_br\/wp-json\/wp\/v2\/product\/2209","targetHints":{"allow":["GET"]}}],"collection":[{"href":"https:\/\/studiodwa.com.br\/pt_br\/wp-json\/wp\/v2\/product"}],"about":[{"href":"https:\/\/studiodwa.com.br\/pt_br\/wp-json\/wp\/v2\/types\/product"}],"replies":[{"embeddable":true,"href":"https:\/\/studiodwa.com.br\/pt_br\/wp-json\/wp\/v2\/comments?post=2209"}],"wp:featuredmedia":[{"embeddable":true,"href":"https:\/\/studiodwa.com.br\/pt_br\/wp-json\/wp\/v2\/media\/2472"}],"wp:attachment":[{"href":"https:\/\/studiodwa.com.br\/pt_br\/wp-json\/wp\/v2\/media?parent=2209"}],"wp:term":[{"taxonomy":"product_brand","embeddable":true,"href":"https:\/\/studiodwa.com.br\/pt_br\/wp-json\/wp\/v2\/product_brand?post=2209"},{"taxonomy":"product_cat","embeddable":true,"href":"https:\/\/studiodwa.com.br\/pt_br\/wp-json\/wp\/v2\/product_cat?post=2209"},{"taxonomy":"product_tag","embeddable":true,"href":"https:\/\/studiodwa.com.br\/pt_br\/wp-json\/wp\/v2\/product_tag?post=2209"}],"curies":[{"name":"wp","href":"https:\/\/api.w.org\/{rel}","templated":true}]}}