{"id":2260,"date":"2024-06-20T13:12:09","date_gmt":"2024-06-20T13:12:09","guid":{"rendered":"https:\/\/studiodwa.com.br\/?post_type=product&#038;p=2260"},"modified":"2025-02-25T13:42:59","modified_gmt":"2025-02-25T16:42:59","slug":"calcinhafofoquinhainfantil","status":"publish","type":"product","link":"https:\/\/studiodwa.com.br\/pt_br\/produto\/calcinhafofoquinhainfantil\/","title":{"rendered":"calcinha fofoquinha infantil"},"content":{"rendered":"<pre>Calcinha infantil na modelagem fofoca, ela \u00e9 confeccionada com tecido 100% algod\u00e3o, el\u00e1stico embutido na cintura e nas pernas, sem contato com a pele. Confort\u00e1vel, soltinha e segura garante liberdade nos movimentos.\r\n\r\ncomposi\u00e7\u00e3o:\r\ncalcinha: 100% algod\u00e3o\r\nforro: 100% algod\u00e3o<\/pre>\n","protected":false},"excerpt":{"rendered":"<pre>Calcinha infantil na modelagem fofoca, ela \u00e9 confeccionada com tecido 100% algod\u00e3o, el\u00e1stico embutido na cintura e nas pernas, sem contato com a pele. Confort\u00e1vel, soltinha e segura garante liberdade nos movimentos.<\/pre>\n","protected":false},"featured_media":2468,"comment_status":"open","ping_status":"closed","template":"","meta":[],"product_brand":[],"product_cat":[129,128],"product_tag":[],"class_list":{"0":"post-2260","1":"product","2":"type-product","3":"status-publish","4":"has-post-thumbnail","6":"product_cat-calcinha-infantil","7":"product_cat-infantil","8":"pa_cor-azul-marinho","9":"pa_cor-branco","10":"pa_cor-preto","11":"pa_cor-rosa","12":"pa_cor-rosa-pink","13":"pa_tamanho-corpo-p","14":"pa_tamanho-corpo-m","15":"pa_tamanho-corpo-g","16":"pa_tamanho-corpo-gg","18":"first","19":"instock","20":"shipping-taxable","21":"purchasable","22":"product-type-variable"},"_links":{"self":[{"href":"https:\/\/studiodwa.com.br\/pt_br\/wp-json\/wp\/v2\/product\/2260","targetHints":{"allow":["GET"]}}],"collection":[{"href":"https:\/\/studiodwa.com.br\/pt_br\/wp-json\/wp\/v2\/product"}],"about":[{"href":"https:\/\/studiodwa.com.br\/pt_br\/wp-json\/wp\/v2\/types\/product"}],"replies":[{"embeddable":true,"href":"https:\/\/studiodwa.com.br\/pt_br\/wp-json\/wp\/v2\/comments?post=2260"}],"wp:featuredmedia":[{"embeddable":true,"href":"https:\/\/studiodwa.com.br\/pt_br\/wp-json\/wp\/v2\/media\/2468"}],"wp:attachment":[{"href":"https:\/\/studiodwa.com.br\/pt_br\/wp-json\/wp\/v2\/media?parent=2260"}],"wp:term":[{"taxonomy":"product_brand","embeddable":true,"href":"https:\/\/studiodwa.com.br\/pt_br\/wp-json\/wp\/v2\/product_brand?post=2260"},{"taxonomy":"product_cat","embeddable":true,"href":"https:\/\/studiodwa.com.br\/pt_br\/wp-json\/wp\/v2\/product_cat?post=2260"},{"taxonomy":"product_tag","embeddable":true,"href":"https:\/\/studiodwa.com.br\/pt_br\/wp-json\/wp\/v2\/product_tag?post=2260"}],"curies":[{"name":"wp","href":"https:\/\/api.w.org\/{rel}","templated":true}]}}