{"id":2311,"date":"2024-06-20T13:12:27","date_gmt":"2024-06-20T13:12:27","guid":{"rendered":"https:\/\/studiodwa.com.br\/?post_type=product&#038;p=2311"},"modified":"2025-02-25T13:40:46","modified_gmt":"2025-02-25T16:40:46","slug":"cuecaboxerinfantil","status":"publish","type":"product","link":"https:\/\/studiodwa.com.br\/pt_br\/produto\/cuecaboxerinfantil\/","title":{"rendered":"cueca boxer infantil"},"content":{"rendered":"<pre>Desenvolvida para oferecer o m\u00e1ximo conforto e durabilidade, a cueca boxer infantil \u00e9 confeccionada com tecido de toque macio e suave a pele, na cintura o el\u00e1stico \u00e9 hipoalerg\u00eanico e a modelagem oferece seguran\u00e7a nos movimentos.\r\n\r\ncomposi\u00e7\u00e3o:\r\n91% poliamida 9% elastano<\/pre>\n","protected":false},"excerpt":{"rendered":"<pre>Desenvolvida para oferecer o m\u00e1ximo conforto e durabilidade, a cueca boxer infantil \u00e9 confeccionada com tecido de toque macio e suave a pele, na cintura o el\u00e1stico \u00e9 hipoalerg\u00eanico e a modelagem oferece seguran\u00e7a nos movimentos.<\/pre>\n","protected":false},"featured_media":2476,"comment_status":"open","ping_status":"closed","template":"","meta":[],"product_brand":[],"product_cat":[130,128],"product_tag":[],"class_list":{"0":"post-2311","1":"product","2":"type-product","3":"status-publish","4":"has-post-thumbnail","6":"product_cat-cueca","7":"product_cat-infantil","8":"pa_cor-azul-marinho","9":"pa_cor-branco","10":"pa_cor-preto","11":"pa_tamanho-corpo-p","12":"pa_tamanho-corpo-m","13":"pa_tamanho-corpo-g","14":"pa_tamanho-corpo-gg","16":"first","17":"instock","18":"shipping-taxable","19":"purchasable","20":"product-type-variable"},"_links":{"self":[{"href":"https:\/\/studiodwa.com.br\/pt_br\/wp-json\/wp\/v2\/product\/2311","targetHints":{"allow":["GET"]}}],"collection":[{"href":"https:\/\/studiodwa.com.br\/pt_br\/wp-json\/wp\/v2\/product"}],"about":[{"href":"https:\/\/studiodwa.com.br\/pt_br\/wp-json\/wp\/v2\/types\/product"}],"replies":[{"embeddable":true,"href":"https:\/\/studiodwa.com.br\/pt_br\/wp-json\/wp\/v2\/comments?post=2311"}],"wp:featuredmedia":[{"embeddable":true,"href":"https:\/\/studiodwa.com.br\/pt_br\/wp-json\/wp\/v2\/media\/2476"}],"wp:attachment":[{"href":"https:\/\/studiodwa.com.br\/pt_br\/wp-json\/wp\/v2\/media?parent=2311"}],"wp:term":[{"taxonomy":"product_brand","embeddable":true,"href":"https:\/\/studiodwa.com.br\/pt_br\/wp-json\/wp\/v2\/product_brand?post=2311"},{"taxonomy":"product_cat","embeddable":true,"href":"https:\/\/studiodwa.com.br\/pt_br\/wp-json\/wp\/v2\/product_cat?post=2311"},{"taxonomy":"product_tag","embeddable":true,"href":"https:\/\/studiodwa.com.br\/pt_br\/wp-json\/wp\/v2\/product_tag?post=2311"}],"curies":[{"name":"wp","href":"https:\/\/api.w.org\/{rel}","templated":true}]}}