{"id":2312,"date":"2024-06-20T13:12:28","date_gmt":"2024-06-20T13:12:28","guid":{"rendered":"https:\/\/studiodwa.com.br\/?post_type=product&#038;p=2312"},"modified":"2025-02-25T13:40:06","modified_gmt":"2025-02-25T16:40:06","slug":"calcinhafioduplocomcinturaderenda","status":"publish","type":"product","link":"https:\/\/studiodwa.com.br\/pt_br\/produto\/calcinhafioduplocomcinturaderenda\/","title":{"rendered":"fio duplo com cintura de renda"},"content":{"rendered":"<pre>Essa calcinha \u00e9 um dos itens mais desejados da marca e n\u00e3o \u00e9 \u00e0 toa que esse modelo \u00e9 o nosso best-seller. A modelagem fio duplo \u00e9 feita com a costura interna, na cintura a renda el\u00e1stica deixa ela mais alta, garantindo o m\u00e1ximo conforto na hora de vestir.\r\n\r\ncomposi\u00e7\u00e3o:\r\nrenda: 82% poliamida 18% elastano\r\ncalcinha: 91% poliamida 9% elastano\r\nforro: 100% algod\u00e3o<\/pre>\n","protected":false},"excerpt":{"rendered":"<pre>Essa calcinha \u00e9 um dos itens mais desejados da marca e n\u00e3o \u00e9 \u00e0 toa que esse modelo \u00e9 o nosso best-seller. A modelagem fio duplo \u00e9 feita com a costura interna, na cintura a renda el\u00e1stica deixa ela mais alta, garantindo o m\u00e1ximo conforto na hora de vestir.<\/pre>\n","protected":false},"featured_media":2479,"comment_status":"open","ping_status":"closed","template":"","meta":[],"product_brand":[],"product_cat":[121,118,140],"product_tag":[],"class_list":{"0":"post-2312","1":"product","2":"type-product","3":"status-publish","4":"has-post-thumbnail","6":"product_cat-calcinha","7":"product_cat-feminino","8":"product_cat-intima-feminino","9":"pa_cor-azul-marinho","10":"pa_cor-bege","11":"pa_cor-branco","12":"pa_cor-preto","13":"pa_cor-rosa-pink","14":"pa_tamanho-corpo-p","15":"pa_tamanho-corpo-m","16":"pa_tamanho-corpo-g","17":"pa_tamanho-corpo-gg","19":"first","20":"instock","21":"shipping-taxable","22":"purchasable","23":"product-type-variable"},"_links":{"self":[{"href":"https:\/\/studiodwa.com.br\/pt_br\/wp-json\/wp\/v2\/product\/2312","targetHints":{"allow":["GET"]}}],"collection":[{"href":"https:\/\/studiodwa.com.br\/pt_br\/wp-json\/wp\/v2\/product"}],"about":[{"href":"https:\/\/studiodwa.com.br\/pt_br\/wp-json\/wp\/v2\/types\/product"}],"replies":[{"embeddable":true,"href":"https:\/\/studiodwa.com.br\/pt_br\/wp-json\/wp\/v2\/comments?post=2312"}],"wp:featuredmedia":[{"embeddable":true,"href":"https:\/\/studiodwa.com.br\/pt_br\/wp-json\/wp\/v2\/media\/2479"}],"wp:attachment":[{"href":"https:\/\/studiodwa.com.br\/pt_br\/wp-json\/wp\/v2\/media?parent=2312"}],"wp:term":[{"taxonomy":"product_brand","embeddable":true,"href":"https:\/\/studiodwa.com.br\/pt_br\/wp-json\/wp\/v2\/product_brand?post=2312"},{"taxonomy":"product_cat","embeddable":true,"href":"https:\/\/studiodwa.com.br\/pt_br\/wp-json\/wp\/v2\/product_cat?post=2312"},{"taxonomy":"product_tag","embeddable":true,"href":"https:\/\/studiodwa.com.br\/pt_br\/wp-json\/wp\/v2\/product_tag?post=2312"}],"curies":[{"name":"wp","href":"https:\/\/api.w.org\/{rel}","templated":true}]}}