{"id":2688,"date":"2024-06-26T16:52:28","date_gmt":"2024-06-26T16:52:28","guid":{"rendered":"https:\/\/studiodwa.com.br\/?post_type=product&#038;p=2688"},"modified":"2025-02-25T13:38:48","modified_gmt":"2025-02-25T16:38:48","slug":"sutiasembojo","status":"publish","type":"product","link":"https:\/\/studiodwa.com.br\/pt_br\/produto\/sutiasembojo\/","title":{"rendered":"suti\u00e3 sem bojo com alta sustenta\u00e7\u00e3o"},"content":{"rendered":"<pre>Esse modelo \u00e9 indicado para quem dispensa o bojo mas n\u00e3o abrem m\u00e3o da sustenta\u00e7\u00e3o, a lateral \u00e9 mediana e as al\u00e7as regul\u00e1veis largas, al\u00e9m disso, o molde proporciona uma apar\u00eancia suavemente arredondada e natural para o seio.\r\n\r\ncomposi\u00e7\u00e3o: \r\n91% poliamida 9% elastano<\/pre>\n<p>&nbsp;<\/p>\n","protected":false},"excerpt":{"rendered":"<pre>Esse modelo \u00e9 indicado para quem dispensa o bojo mas n\u00e3o abrem m\u00e3o da sustenta\u00e7\u00e3o, a lateral \u00e9 mediana e as al\u00e7as regul\u00e1veis largas, al\u00e9m disso, o molde proporciona uma apar\u00eancia suavemente arredondada e natural para o seio.<\/pre>\n","protected":false},"featured_media":2689,"comment_status":"open","ping_status":"closed","template":"","meta":[],"product_brand":[],"product_cat":[118,140,126],"product_tag":[],"class_list":{"0":"post-2688","1":"product","2":"type-product","3":"status-publish","4":"has-post-thumbnail","6":"product_cat-feminino","7":"product_cat-intima-feminino","8":"product_cat-sutia","9":"pa_cor-azul-marinho","10":"pa_cor-bege","11":"pa_cor-branco","12":"pa_cor-preto","13":"pa_cor-rosa","14":"pa_tamanho-corpo-p","15":"pa_tamanho-corpo-m","16":"pa_tamanho-corpo-g","17":"pa_tamanho-corpo-gg","18":"pa_tamanho-corpo-xg","20":"first","21":"instock","22":"shipping-taxable","23":"purchasable","24":"product-type-variable"},"_links":{"self":[{"href":"https:\/\/studiodwa.com.br\/pt_br\/wp-json\/wp\/v2\/product\/2688","targetHints":{"allow":["GET"]}}],"collection":[{"href":"https:\/\/studiodwa.com.br\/pt_br\/wp-json\/wp\/v2\/product"}],"about":[{"href":"https:\/\/studiodwa.com.br\/pt_br\/wp-json\/wp\/v2\/types\/product"}],"replies":[{"embeddable":true,"href":"https:\/\/studiodwa.com.br\/pt_br\/wp-json\/wp\/v2\/comments?post=2688"}],"wp:featuredmedia":[{"embeddable":true,"href":"https:\/\/studiodwa.com.br\/pt_br\/wp-json\/wp\/v2\/media\/2689"}],"wp:attachment":[{"href":"https:\/\/studiodwa.com.br\/pt_br\/wp-json\/wp\/v2\/media?parent=2688"}],"wp:term":[{"taxonomy":"product_brand","embeddable":true,"href":"https:\/\/studiodwa.com.br\/pt_br\/wp-json\/wp\/v2\/product_brand?post=2688"},{"taxonomy":"product_cat","embeddable":true,"href":"https:\/\/studiodwa.com.br\/pt_br\/wp-json\/wp\/v2\/product_cat?post=2688"},{"taxonomy":"product_tag","embeddable":true,"href":"https:\/\/studiodwa.com.br\/pt_br\/wp-json\/wp\/v2\/product_tag?post=2688"}],"curies":[{"name":"wp","href":"https:\/\/api.w.org\/{rel}","templated":true}]}}