{"id":2716,"date":"2024-06-26T17:03:17","date_gmt":"2024-06-26T17:03:17","guid":{"rendered":"https:\/\/studiodwa.com.br\/?post_type=product&#038;p=2716"},"modified":"2024-12-16T17:05:36","modified_gmt":"2024-12-16T17:05:36","slug":"calcolafofoca","status":"publish","type":"product","link":"https:\/\/studiodwa.com.br\/pt_br\/produto\/calcolafofoca\/","title":{"rendered":"cal\u00e7ola fofoca"},"content":{"rendered":"<pre>Modelagem soltinha e livre de el\u00e1sticos, essa cal\u00e7ola \u00e9 perfeita para quem busca uma pe\u00e7a confort\u00e1vel, feita com tecido 100% algod\u00e3o.\r\n\r\ncomposi\u00e7\u00e3o\r\ncalcinha: 100% algod\u00e3o\r\nforro: 100% algod\u00e3o\r\n\r\n<\/pre>\n","protected":false},"excerpt":{"rendered":"<pre>Modelagem soltinha e livre de el\u00e1sticos, essa cal\u00e7ola \u00e9 perfeita para quem busca uma pe\u00e7a confort\u00e1vel, feita com tecido 100% algod\u00e3o.<\/pre>\n","protected":false},"featured_media":2717,"comment_status":"open","ping_status":"closed","template":"","meta":[],"product_brand":[],"product_cat":[121,118,140],"product_tag":[],"class_list":{"0":"post-2716","1":"product","2":"type-product","3":"status-publish","4":"has-post-thumbnail","6":"product_cat-calcinha","7":"product_cat-feminino","8":"product_cat-intima-feminino","9":"pa_cor-azul-marinho","10":"pa_cor-bege","11":"pa_cor-branco","12":"pa_cor-preto","13":"pa_cor-rosa","14":"pa_cor-rosa-pink","15":"pa_tamanho-corpo-p","16":"pa_tamanho-corpo-m","17":"pa_tamanho-corpo-g","18":"pa_tamanho-corpo-gg","19":"pa_tamanho-corpo-xg","21":"first","22":"instock","23":"shipping-taxable","24":"purchasable","25":"product-type-variable"},"_links":{"self":[{"href":"https:\/\/studiodwa.com.br\/pt_br\/wp-json\/wp\/v2\/product\/2716","targetHints":{"allow":["GET"]}}],"collection":[{"href":"https:\/\/studiodwa.com.br\/pt_br\/wp-json\/wp\/v2\/product"}],"about":[{"href":"https:\/\/studiodwa.com.br\/pt_br\/wp-json\/wp\/v2\/types\/product"}],"replies":[{"embeddable":true,"href":"https:\/\/studiodwa.com.br\/pt_br\/wp-json\/wp\/v2\/comments?post=2716"}],"wp:featuredmedia":[{"embeddable":true,"href":"https:\/\/studiodwa.com.br\/pt_br\/wp-json\/wp\/v2\/media\/2717"}],"wp:attachment":[{"href":"https:\/\/studiodwa.com.br\/pt_br\/wp-json\/wp\/v2\/media?parent=2716"}],"wp:term":[{"taxonomy":"product_brand","embeddable":true,"href":"https:\/\/studiodwa.com.br\/pt_br\/wp-json\/wp\/v2\/product_brand?post=2716"},{"taxonomy":"product_cat","embeddable":true,"href":"https:\/\/studiodwa.com.br\/pt_br\/wp-json\/wp\/v2\/product_cat?post=2716"},{"taxonomy":"product_tag","embeddable":true,"href":"https:\/\/studiodwa.com.br\/pt_br\/wp-json\/wp\/v2\/product_tag?post=2716"}],"curies":[{"name":"wp","href":"https:\/\/api.w.org\/{rel}","templated":true}]}}