{"id":2776,"date":"2024-06-26T20:52:33","date_gmt":"2024-06-26T20:52:33","guid":{"rendered":"https:\/\/studiodwa.com.br\/?post_type=product&#038;p=2776"},"modified":"2025-02-25T13:35:12","modified_gmt":"2025-02-25T16:35:12","slug":"cuecaslipcomelastico","status":"publish","type":"product","link":"https:\/\/studiodwa.com.br\/pt_br\/produto\/cuecaslipcomelastico\/","title":{"rendered":"cueca slip com el\u00e1stico \u00e0 mostra"},"content":{"rendered":"<pre>Desenvolvida para oferecer o m\u00e1ximo conforto e durabilidade, a cueca slip com el\u00e1stico \u00e0 mostra \u00e9 confeccionada com tecido de toque macio e suave a pele, na cintura o el\u00e1stico \u00e9 hipoalerg\u00eanico e a modelagem oferece seguran\u00e7a nos movimentos.\r\n\r\ncomposi\u00e7\u00e3o:\r\nel\u00e1stico: 94% poli\u00e9ster 06% elastano\r\ncueca: 91% poliamida 9% elastano<\/pre>\n","protected":false},"excerpt":{"rendered":"<pre>Desenvolvida para oferecer o m\u00e1ximo conforto e durabilidade, a cueca slip com el\u00e1stico \u00e0 mostra \u00e9 confeccionada com tecido de toque macio e suave a pele, na cintura o el\u00e1stico \u00e9 hipoalerg\u00eanico e a modelagem oferece seguran\u00e7a nos movimentos.<\/pre>\n","protected":false},"featured_media":2789,"comment_status":"open","ping_status":"closed","template":"","meta":[],"product_brand":[],"product_cat":[135,139,132],"product_tag":[],"class_list":{"0":"post-2776","1":"product","2":"type-product","3":"status-publish","4":"has-post-thumbnail","6":"product_cat-cueca-masculino","7":"product_cat-intima-masculino","8":"product_cat-masculino","9":"pa_cor-azul-marinho","10":"pa_cor-branco","11":"pa_cor-preto","12":"pa_cor-verde-oliva","13":"pa_tamanho-corpo-p","14":"pa_tamanho-corpo-m","15":"pa_tamanho-corpo-g","16":"pa_tamanho-corpo-gg","18":"first","19":"instock","20":"shipping-taxable","21":"purchasable","22":"product-type-variable"},"_links":{"self":[{"href":"https:\/\/studiodwa.com.br\/pt_br\/wp-json\/wp\/v2\/product\/2776","targetHints":{"allow":["GET"]}}],"collection":[{"href":"https:\/\/studiodwa.com.br\/pt_br\/wp-json\/wp\/v2\/product"}],"about":[{"href":"https:\/\/studiodwa.com.br\/pt_br\/wp-json\/wp\/v2\/types\/product"}],"replies":[{"embeddable":true,"href":"https:\/\/studiodwa.com.br\/pt_br\/wp-json\/wp\/v2\/comments?post=2776"}],"wp:featuredmedia":[{"embeddable":true,"href":"https:\/\/studiodwa.com.br\/pt_br\/wp-json\/wp\/v2\/media\/2789"}],"wp:attachment":[{"href":"https:\/\/studiodwa.com.br\/pt_br\/wp-json\/wp\/v2\/media?parent=2776"}],"wp:term":[{"taxonomy":"product_brand","embeddable":true,"href":"https:\/\/studiodwa.com.br\/pt_br\/wp-json\/wp\/v2\/product_brand?post=2776"},{"taxonomy":"product_cat","embeddable":true,"href":"https:\/\/studiodwa.com.br\/pt_br\/wp-json\/wp\/v2\/product_cat?post=2776"},{"taxonomy":"product_tag","embeddable":true,"href":"https:\/\/studiodwa.com.br\/pt_br\/wp-json\/wp\/v2\/product_tag?post=2776"}],"curies":[{"name":"wp","href":"https:\/\/api.w.org\/{rel}","templated":true}]}}