{"id":2946,"date":"2024-07-02T11:31:08","date_gmt":"2024-07-02T11:31:08","guid":{"rendered":"https:\/\/studiodwa.com.br\/?post_type=product&#038;p=2946"},"modified":"2025-02-25T13:29:17","modified_gmt":"2025-02-25T16:29:17","slug":"tangacomcinturaderenda","status":"publish","type":"product","link":"https:\/\/studiodwa.com.br\/pt_br\/produto\/tangacomcinturaderenda\/","title":{"rendered":"tanga com cintura de renda"},"content":{"rendered":"<pre>Essa pe\u00e7a \u00e9 uma releitura do cl\u00e1ssico modelo das roupas \u00edntimas, a calcinha tanga. Nessa modelagem a cintura fica mais alta com a renda el\u00e1stica, que se adapta perfeitamente ao corpo.\r\n\r\ncomposi\u00e7\u00e3o:\r\nrenda: 82% poliamida 18% elastano\r\ncalcinha: 91% poliamida 9% elastano\r\nforro: 100% algod\u00e3o<\/pre>\n","protected":false},"excerpt":{"rendered":"<pre>Essa pe\u00e7a \u00e9 uma releitura do cl\u00e1ssico modelo das roupas \u00edntimas, a calcinha tanga. Nessa modelagem a cintura fica mais alta com a renda el\u00e1stica, que se adapta perfeitamente ao corpo.<\/pre>\n","protected":false},"featured_media":2972,"comment_status":"open","ping_status":"closed","template":"","meta":[],"product_brand":[],"product_cat":[121,118,140],"product_tag":[],"class_list":{"0":"post-2946","1":"product","2":"type-product","3":"status-publish","4":"has-post-thumbnail","6":"product_cat-calcinha","7":"product_cat-feminino","8":"product_cat-intima-feminino","9":"pa_cor-azul-marinho","10":"pa_cor-bege","11":"pa_cor-branco","12":"pa_cor-preto","13":"pa_cor-rosa-pink","14":"pa_tamanho-corpo-p","15":"pa_tamanho-corpo-m","16":"pa_tamanho-corpo-g","17":"pa_tamanho-corpo-gg","18":"pa_tamanho-corpo-xg","20":"first","21":"instock","22":"shipping-taxable","23":"purchasable","24":"product-type-variable"},"_links":{"self":[{"href":"https:\/\/studiodwa.com.br\/pt_br\/wp-json\/wp\/v2\/product\/2946","targetHints":{"allow":["GET"]}}],"collection":[{"href":"https:\/\/studiodwa.com.br\/pt_br\/wp-json\/wp\/v2\/product"}],"about":[{"href":"https:\/\/studiodwa.com.br\/pt_br\/wp-json\/wp\/v2\/types\/product"}],"replies":[{"embeddable":true,"href":"https:\/\/studiodwa.com.br\/pt_br\/wp-json\/wp\/v2\/comments?post=2946"}],"wp:featuredmedia":[{"embeddable":true,"href":"https:\/\/studiodwa.com.br\/pt_br\/wp-json\/wp\/v2\/media\/2972"}],"wp:attachment":[{"href":"https:\/\/studiodwa.com.br\/pt_br\/wp-json\/wp\/v2\/media?parent=2946"}],"wp:term":[{"taxonomy":"product_brand","embeddable":true,"href":"https:\/\/studiodwa.com.br\/pt_br\/wp-json\/wp\/v2\/product_brand?post=2946"},{"taxonomy":"product_cat","embeddable":true,"href":"https:\/\/studiodwa.com.br\/pt_br\/wp-json\/wp\/v2\/product_cat?post=2946"},{"taxonomy":"product_tag","embeddable":true,"href":"https:\/\/studiodwa.com.br\/pt_br\/wp-json\/wp\/v2\/product_tag?post=2946"}],"curies":[{"name":"wp","href":"https:\/\/api.w.org\/{rel}","templated":true}]}}