{"id":2974,"date":"2024-07-02T11:39:29","date_gmt":"2024-07-02T11:39:29","guid":{"rendered":"https:\/\/studiodwa.com.br\/?post_type=product&#038;p=2974"},"modified":"2024-12-17T16:26:09","modified_gmt":"2024-12-17T16:26:09","slug":"calcinhaboxer","status":"publish","type":"product","link":"https:\/\/studiodwa.com.br\/pt_br\/produto\/calcinhaboxer\/","title":{"rendered":"calcinha boxer"},"content":{"rendered":"<pre>Inspirada no closet masculino, o modelo de calcinha boxer possui a cintura alta com el\u00e1stico, nas pernas \u00e9 mais cumprida e seu tecido \u00e9 super macio de toque suave a pele.\r\n\r\ncomposi\u00e7\u00e3o:\r\nel\u00e1stico: 94% poli\u00e9ster 06% elastano\r\ncalcinha: 91% poliamida 09% elastano<\/pre>\n","protected":false},"excerpt":{"rendered":"<pre>Inspirada no closet masculino, o modelo de calcinha boxer possui a cintura alta com el\u00e1stico, nas pernas \u00e9 mais cumprida e seu tecido \u00e9 super macio de toque suave a pele.<\/pre>\n","protected":false},"featured_media":2975,"comment_status":"open","ping_status":"closed","template":"","meta":[],"product_brand":[],"product_cat":[121,118,140],"product_tag":[],"class_list":{"0":"post-2974","1":"product","2":"type-product","3":"status-publish","4":"has-post-thumbnail","6":"product_cat-calcinha","7":"product_cat-feminino","8":"product_cat-intima-feminino","9":"pa_cor-azul-marinho","10":"pa_cor-branco","11":"pa_cor-preto","12":"pa_tamanho-corpo-p","13":"pa_tamanho-corpo-m","14":"pa_tamanho-corpo-g","15":"pa_tamanho-corpo-gg","17":"first","18":"instock","19":"shipping-taxable","20":"purchasable","21":"product-type-variable"},"_links":{"self":[{"href":"https:\/\/studiodwa.com.br\/pt_br\/wp-json\/wp\/v2\/product\/2974","targetHints":{"allow":["GET"]}}],"collection":[{"href":"https:\/\/studiodwa.com.br\/pt_br\/wp-json\/wp\/v2\/product"}],"about":[{"href":"https:\/\/studiodwa.com.br\/pt_br\/wp-json\/wp\/v2\/types\/product"}],"replies":[{"embeddable":true,"href":"https:\/\/studiodwa.com.br\/pt_br\/wp-json\/wp\/v2\/comments?post=2974"}],"wp:featuredmedia":[{"embeddable":true,"href":"https:\/\/studiodwa.com.br\/pt_br\/wp-json\/wp\/v2\/media\/2975"}],"wp:attachment":[{"href":"https:\/\/studiodwa.com.br\/pt_br\/wp-json\/wp\/v2\/media?parent=2974"}],"wp:term":[{"taxonomy":"product_brand","embeddable":true,"href":"https:\/\/studiodwa.com.br\/pt_br\/wp-json\/wp\/v2\/product_brand?post=2974"},{"taxonomy":"product_cat","embeddable":true,"href":"https:\/\/studiodwa.com.br\/pt_br\/wp-json\/wp\/v2\/product_cat?post=2974"},{"taxonomy":"product_tag","embeddable":true,"href":"https:\/\/studiodwa.com.br\/pt_br\/wp-json\/wp\/v2\/product_tag?post=2974"}],"curies":[{"name":"wp","href":"https:\/\/api.w.org\/{rel}","templated":true}]}}