{"id":2989,"date":"2024-07-02T11:45:14","date_gmt":"2024-07-02T11:45:14","guid":{"rendered":"https:\/\/studiodwa.com.br\/?post_type=product&#038;p=2989"},"modified":"2025-02-25T13:46:21","modified_gmt":"2025-02-25T16:46:21","slug":"sutiacombojo","status":"publish","type":"product","link":"https:\/\/studiodwa.com.br\/pt_br\/produto\/sutiacombojo\/","title":{"rendered":"suti\u00e3 com bojo"},"content":{"rendered":"<pre>Quando falamos em sustenta\u00e7\u00e3o e modelagem de seio, o suti\u00e3 com bojo preenche todos os requisitos. A pe\u00e7a possui a lateral larga que se estende por todo o corpo, no seio, o bojo \u00e9 confeccionado com uma espuma macia e firme, que quando somado ao aro proporciona a seguran\u00e7a necess\u00e1ria para todos os movimentos do nosso dia-a-dia.\r\n\r\ncomposi\u00e7\u00e3o: 91% poliamida 09% elastano\r\n\r\nvalor referente aos tamanhos: 40 | 42 | 44 | 46<\/pre>\n","protected":false},"excerpt":{"rendered":"<pre>Quando falamos em sustenta\u00e7\u00e3o e modelagem de seio, o suti\u00e3 com bojo preenche todos os requisitos. A pe\u00e7a possui a lateral larga que se estende por todo o corpo, no seio, o bojo \u00e9 confeccionado com uma espuma macia e firme, que quando somado ao aro proporciona a seguran\u00e7a necess\u00e1ria para todos os movimentos do nosso dia-a-dia.<\/pre>\n","protected":false},"featured_media":2990,"comment_status":"open","ping_status":"closed","template":"","meta":[],"product_brand":[],"product_cat":[118,140,126],"product_tag":[],"class_list":{"0":"post-2989","1":"product","2":"type-product","3":"status-publish","4":"has-post-thumbnail","6":"product_cat-feminino","7":"product_cat-intima-feminino","8":"product_cat-sutia","9":"pa_cor-bege","10":"pa_cor-branco","11":"pa_cor-preto","12":"pa_cor-rosa","13":"pa_tamanho-corpo-p","14":"pa_tamanho-corpo-m","15":"pa_tamanho-corpo-g","16":"pa_tamanho-corpo-gg","18":"first","19":"instock","20":"shipping-taxable","21":"purchasable","22":"product-type-variable"},"_links":{"self":[{"href":"https:\/\/studiodwa.com.br\/pt_br\/wp-json\/wp\/v2\/product\/2989","targetHints":{"allow":["GET"]}}],"collection":[{"href":"https:\/\/studiodwa.com.br\/pt_br\/wp-json\/wp\/v2\/product"}],"about":[{"href":"https:\/\/studiodwa.com.br\/pt_br\/wp-json\/wp\/v2\/types\/product"}],"replies":[{"embeddable":true,"href":"https:\/\/studiodwa.com.br\/pt_br\/wp-json\/wp\/v2\/comments?post=2989"}],"wp:featuredmedia":[{"embeddable":true,"href":"https:\/\/studiodwa.com.br\/pt_br\/wp-json\/wp\/v2\/media\/2990"}],"wp:attachment":[{"href":"https:\/\/studiodwa.com.br\/pt_br\/wp-json\/wp\/v2\/media?parent=2989"}],"wp:term":[{"taxonomy":"product_brand","embeddable":true,"href":"https:\/\/studiodwa.com.br\/pt_br\/wp-json\/wp\/v2\/product_brand?post=2989"},{"taxonomy":"product_cat","embeddable":true,"href":"https:\/\/studiodwa.com.br\/pt_br\/wp-json\/wp\/v2\/product_cat?post=2989"},{"taxonomy":"product_tag","embeddable":true,"href":"https:\/\/studiodwa.com.br\/pt_br\/wp-json\/wp\/v2\/product_tag?post=2989"}],"curies":[{"name":"wp","href":"https:\/\/api.w.org\/{rel}","templated":true}]}}