{"id":3053,"date":"2024-07-10T12:30:11","date_gmt":"2024-07-10T12:30:11","guid":{"rendered":"https:\/\/studiodwa.com.br\/?post_type=product&#038;p=3053"},"modified":"2024-12-30T13:56:52","modified_gmt":"2024-12-30T16:56:52","slug":"calca-legging-suplex","status":"publish","type":"product","link":"https:\/\/studiodwa.com.br\/pt_br\/produto\/calca-legging-suplex\/","title":{"rendered":"cal\u00e7a legging suplex"},"content":{"rendered":"<pre>Nossa cal\u00e7a legging \u00e9 confeccionada com o tecido suplex, que possui prote\u00e7\u00e3o UV50+ . Modelagem colada ao corpo e com a cintura alta, ela foi desenvolvida para trazer o m\u00e1ximo conforto e flexibilidade na hora do treino.\r\n\r\ncomposi\u00e7\u00e3o:\r\n91% poliamida 9% elastano\r\n\r\n\r\n<\/pre>\n","protected":false},"excerpt":{"rendered":"<pre>Nossa cal\u00e7a legging \u00e9 confeccionada com o tecido suplex, que possui prote\u00e7\u00e3o UV50+ . Modelagem colada ao corpo e com a cintura alta, ela foi desenvolvida para trazer o m\u00e1ximo conforto e flexibilidade na hora do treino.<\/pre>\n","protected":false},"featured_media":3054,"comment_status":"open","ping_status":"closed","template":"","meta":[],"product_brand":[],"product_cat":[123,137,118],"product_tag":[],"class_list":{"0":"post-3053","1":"product","2":"type-product","3":"status-publish","4":"has-post-thumbnail","6":"product_cat-calca-moletom","7":"product_cat-esportivo-feminino","8":"product_cat-feminino","9":"pa_cor-azul-oxford","10":"pa_cor-berinjela","11":"pa_cor-branco","12":"pa_cor-cinza-mescla","13":"pa_cor-ferrugem","14":"pa_cor-preto","15":"pa_cor-verde-oliva","16":"pa_tamanho-corpo-p","17":"pa_tamanho-corpo-m","18":"pa_tamanho-corpo-g","19":"pa_tamanho-corpo-gg","20":"pa_tamanho-corpo-xg","21":"pa_tamanho-corpo-xxg","23":"first","24":"instock","25":"shipping-taxable","26":"purchasable","27":"product-type-variable"},"_links":{"self":[{"href":"https:\/\/studiodwa.com.br\/pt_br\/wp-json\/wp\/v2\/product\/3053","targetHints":{"allow":["GET"]}}],"collection":[{"href":"https:\/\/studiodwa.com.br\/pt_br\/wp-json\/wp\/v2\/product"}],"about":[{"href":"https:\/\/studiodwa.com.br\/pt_br\/wp-json\/wp\/v2\/types\/product"}],"replies":[{"embeddable":true,"href":"https:\/\/studiodwa.com.br\/pt_br\/wp-json\/wp\/v2\/comments?post=3053"}],"wp:featuredmedia":[{"embeddable":true,"href":"https:\/\/studiodwa.com.br\/pt_br\/wp-json\/wp\/v2\/media\/3054"}],"wp:attachment":[{"href":"https:\/\/studiodwa.com.br\/pt_br\/wp-json\/wp\/v2\/media?parent=3053"}],"wp:term":[{"taxonomy":"product_brand","embeddable":true,"href":"https:\/\/studiodwa.com.br\/pt_br\/wp-json\/wp\/v2\/product_brand?post=3053"},{"taxonomy":"product_cat","embeddable":true,"href":"https:\/\/studiodwa.com.br\/pt_br\/wp-json\/wp\/v2\/product_cat?post=3053"},{"taxonomy":"product_tag","embeddable":true,"href":"https:\/\/studiodwa.com.br\/pt_br\/wp-json\/wp\/v2\/product_tag?post=3053"}],"curies":[{"name":"wp","href":"https:\/\/api.w.org\/{rel}","templated":true}]}}