{"id":3075,"date":"2024-07-15T21:57:24","date_gmt":"2024-07-15T21:57:24","guid":{"rendered":"https:\/\/studiodwa.com.br\/?post_type=product&#038;p=3075"},"modified":"2025-02-26T15:04:09","modified_gmt":"2025-02-26T18:04:09","slug":"calcabailarina","status":"publish","type":"product","link":"https:\/\/studiodwa.com.br\/pt_br\/produto\/calcabailarina\/","title":{"rendered":"cal\u00e7a bailarina"},"content":{"rendered":"<pre>Modelo bailarina, essa cal\u00e7a \u00e9 confeccionada com o tecido suplex. Desenvolvida para trazer o m\u00e1ximo conforto e flexibilidade na hora do treino, a pe\u00e7a conta com um detalhe muito importante para voc\u00ea que gosta de praticar exerc\u00edcio f\u00edsico ao ar livre: prote\u00e7\u00e3o UV50+. A modelagem \u00e9 cintura alta e mais larguinha na parte inferior, perfeita para quem busca um look confort\u00e1vel e cheio de estilo!\r\n\r\ncomposi\u00e7\u00e3o:\r\n91% poliamida 9% elastano<\/pre>\n","protected":false},"excerpt":{"rendered":"<pre>Modelo bailarina, essa cal\u00e7a \u00e9 confeccionada com o tecido suplex. Desenvolvida para trazer o m\u00e1ximo conforto e flexibilidade na hora do treino, a pe\u00e7a conta com um detalhe muito importante para voc\u00ea que gosta de praticar exerc\u00edcio f\u00edsico ao ar livre: prote\u00e7\u00e3o UV50+. A modelagem \u00e9 cintura alta e mais larguinha na parte inferior, perfeita para quem busca um look confort\u00e1vel e cheio de estilo!<\/pre>\n","protected":false},"featured_media":3076,"comment_status":"open","ping_status":"closed","template":"","meta":[],"product_brand":[],"product_cat":[137,118],"product_tag":[],"class_list":{"0":"post-3075","1":"product","2":"type-product","3":"status-publish","4":"has-post-thumbnail","6":"product_cat-esportivo-feminino","7":"product_cat-feminino","8":"pa_cor-azul-marinho","9":"pa_cor-branco","10":"pa_cor-cinza-mescla","11":"pa_cor-preto","12":"pa_cor-verde-oliva","14":"first","15":"instock","16":"shipping-taxable","17":"purchasable","18":"product-type-variable"},"_links":{"self":[{"href":"https:\/\/studiodwa.com.br\/pt_br\/wp-json\/wp\/v2\/product\/3075","targetHints":{"allow":["GET"]}}],"collection":[{"href":"https:\/\/studiodwa.com.br\/pt_br\/wp-json\/wp\/v2\/product"}],"about":[{"href":"https:\/\/studiodwa.com.br\/pt_br\/wp-json\/wp\/v2\/types\/product"}],"replies":[{"embeddable":true,"href":"https:\/\/studiodwa.com.br\/pt_br\/wp-json\/wp\/v2\/comments?post=3075"}],"wp:featuredmedia":[{"embeddable":true,"href":"https:\/\/studiodwa.com.br\/pt_br\/wp-json\/wp\/v2\/media\/3076"}],"wp:attachment":[{"href":"https:\/\/studiodwa.com.br\/pt_br\/wp-json\/wp\/v2\/media?parent=3075"}],"wp:term":[{"taxonomy":"product_brand","embeddable":true,"href":"https:\/\/studiodwa.com.br\/pt_br\/wp-json\/wp\/v2\/product_brand?post=3075"},{"taxonomy":"product_cat","embeddable":true,"href":"https:\/\/studiodwa.com.br\/pt_br\/wp-json\/wp\/v2\/product_cat?post=3075"},{"taxonomy":"product_tag","embeddable":true,"href":"https:\/\/studiodwa.com.br\/pt_br\/wp-json\/wp\/v2\/product_tag?post=3075"}],"curies":[{"name":"wp","href":"https:\/\/api.w.org\/{rel}","templated":true}]}}