{"id":3108,"date":"2024-07-17T12:30:45","date_gmt":"2024-07-17T12:30:45","guid":{"rendered":"https:\/\/studiodwa.com.br\/?post_type=product&#038;p=3108"},"modified":"2024-12-30T13:53:53","modified_gmt":"2024-12-30T16:53:53","slug":"topsuplex","status":"publish","type":"product","link":"https:\/\/studiodwa.com.br\/pt_br\/produto\/topsuplex\/","title":{"rendered":"top suplex"},"content":{"rendered":"<pre>Esse top foi desenvolvido para garantir o m\u00e1ximo conforto e seguran\u00e7a na hora do treino, a modelagem com lateral alta e al\u00e7as largas proporciona a sustenta\u00e7\u00e3o necess\u00e1ria para a realiza\u00e7\u00e3o de todas as pr\u00e1ticas esportivas.\r\n\r\ncomposi\u00e7\u00e3o:\r\n91% poliamida 9% elastano<\/pre>\n","protected":false},"excerpt":{"rendered":"<pre>Esse top foi desenvolvido para garantir o m\u00e1ximo conforto e seguran\u00e7a na hora do treino, a modelagem com lateral alta e al\u00e7as largas proporciona a sustenta\u00e7\u00e3o necess\u00e1ria para a realiza\u00e7\u00e3o de todas as pr\u00e1ticas esportivas.<\/pre>\n","protected":false},"featured_media":3159,"comment_status":"open","ping_status":"closed","template":"","meta":[],"product_brand":[],"product_cat":[137,118,127],"product_tag":[],"class_list":{"0":"post-3108","1":"product","2":"type-product","3":"status-publish","4":"has-post-thumbnail","6":"product_cat-esportivo-feminino","7":"product_cat-feminino","8":"product_cat-top","9":"pa_cor-azul-oxford","10":"pa_cor-berinjela","11":"pa_cor-cinza-mescla","12":"pa_cor-ferrugem","13":"pa_cor-preto","14":"pa_cor-verde-oliva","16":"first","17":"instock","18":"shipping-taxable","19":"purchasable","20":"product-type-variable"},"_links":{"self":[{"href":"https:\/\/studiodwa.com.br\/pt_br\/wp-json\/wp\/v2\/product\/3108","targetHints":{"allow":["GET"]}}],"collection":[{"href":"https:\/\/studiodwa.com.br\/pt_br\/wp-json\/wp\/v2\/product"}],"about":[{"href":"https:\/\/studiodwa.com.br\/pt_br\/wp-json\/wp\/v2\/types\/product"}],"replies":[{"embeddable":true,"href":"https:\/\/studiodwa.com.br\/pt_br\/wp-json\/wp\/v2\/comments?post=3108"}],"wp:featuredmedia":[{"embeddable":true,"href":"https:\/\/studiodwa.com.br\/pt_br\/wp-json\/wp\/v2\/media\/3159"}],"wp:attachment":[{"href":"https:\/\/studiodwa.com.br\/pt_br\/wp-json\/wp\/v2\/media?parent=3108"}],"wp:term":[{"taxonomy":"product_brand","embeddable":true,"href":"https:\/\/studiodwa.com.br\/pt_br\/wp-json\/wp\/v2\/product_brand?post=3108"},{"taxonomy":"product_cat","embeddable":true,"href":"https:\/\/studiodwa.com.br\/pt_br\/wp-json\/wp\/v2\/product_cat?post=3108"},{"taxonomy":"product_tag","embeddable":true,"href":"https:\/\/studiodwa.com.br\/pt_br\/wp-json\/wp\/v2\/product_tag?post=3108"}],"curies":[{"name":"wp","href":"https:\/\/api.w.org\/{rel}","templated":true}]}}