{"id":3182,"date":"2024-07-17T13:29:52","date_gmt":"2024-07-17T13:29:52","guid":{"rendered":"https:\/\/studiodwa.com.br\/?post_type=product&#038;p=3182"},"modified":"2024-12-30T13:50:42","modified_gmt":"2024-12-30T16:50:42","slug":"bermudasuplex","status":"publish","type":"product","link":"https:\/\/studiodwa.com.br\/pt_br\/produto\/bermudasuplex\/","title":{"rendered":"bermuda suplex"},"content":{"rendered":"<pre>Esta bermuda \u00e9 confeccionada com o tecido suplex, que possui prote\u00e7\u00e3o UV50+ . Modelagem colada ao corpo e com a cintura alta, ela foi desenvolvida para trazer o m\u00e1ximo conforto e flexibilidade na hora do treino. \r\n\r\ncomposi\u00e7\u00e3o:\r\n91% poliamida 9% elastano<\/pre>\n","protected":false},"excerpt":{"rendered":"<pre>Esta bermuda \u00e9 confeccionada com o tecido suplex, que possui prote\u00e7\u00e3o UV50+ . Modelagem colada ao corpo e com a cintura alta, ela foi desenvolvida para trazer o m\u00e1ximo conforto e flexibilidade na hora do treino.<\/pre>\n","protected":false},"featured_media":3534,"comment_status":"open","ping_status":"closed","template":"","meta":[],"product_brand":[],"product_cat":[119,137,118],"product_tag":[],"class_list":{"0":"post-3182","1":"product","2":"type-product","3":"status-publish","4":"has-post-thumbnail","6":"product_cat-bermuda","7":"product_cat-esportivo-feminino","8":"product_cat-feminino","9":"pa_cor-azul-oxford","10":"pa_cor-berinjela","11":"pa_cor-cinza-mescla","12":"pa_cor-ferrugem","13":"pa_cor-preto","15":"first","16":"instock","17":"shipping-taxable","18":"purchasable","19":"product-type-variable"},"_links":{"self":[{"href":"https:\/\/studiodwa.com.br\/pt_br\/wp-json\/wp\/v2\/product\/3182","targetHints":{"allow":["GET"]}}],"collection":[{"href":"https:\/\/studiodwa.com.br\/pt_br\/wp-json\/wp\/v2\/product"}],"about":[{"href":"https:\/\/studiodwa.com.br\/pt_br\/wp-json\/wp\/v2\/types\/product"}],"replies":[{"embeddable":true,"href":"https:\/\/studiodwa.com.br\/pt_br\/wp-json\/wp\/v2\/comments?post=3182"}],"wp:featuredmedia":[{"embeddable":true,"href":"https:\/\/studiodwa.com.br\/pt_br\/wp-json\/wp\/v2\/media\/3534"}],"wp:attachment":[{"href":"https:\/\/studiodwa.com.br\/pt_br\/wp-json\/wp\/v2\/media?parent=3182"}],"wp:term":[{"taxonomy":"product_brand","embeddable":true,"href":"https:\/\/studiodwa.com.br\/pt_br\/wp-json\/wp\/v2\/product_brand?post=3182"},{"taxonomy":"product_cat","embeddable":true,"href":"https:\/\/studiodwa.com.br\/pt_br\/wp-json\/wp\/v2\/product_cat?post=3182"},{"taxonomy":"product_tag","embeddable":true,"href":"https:\/\/studiodwa.com.br\/pt_br\/wp-json\/wp\/v2\/product_tag?post=3182"}],"curies":[{"name":"wp","href":"https:\/\/api.w.org\/{rel}","templated":true}]}}