{"id":3317,"date":"2024-07-18T21:57:10","date_gmt":"2024-07-18T21:57:10","guid":{"rendered":"https:\/\/studiodwa.com.br\/?post_type=product&#038;p=3317"},"modified":"2025-04-23T20:43:15","modified_gmt":"2025-04-23T23:43:15","slug":"moletom-tag","status":"publish","type":"product","link":"https:\/\/studiodwa.com.br\/pt_br\/produto\/moletom-tag\/","title":{"rendered":"moletom peluciado"},"content":{"rendered":"<pre>Modelagem tradicional, reta e alongada, com acabamento em ribana nos punhos, barra e gola. Tecido com a parte interna em pel\u00facia, quente  e confort\u00e1vel, ideal nos dias frios. \r\n\r\ncomposi\u00e7\u00e3o: 66% algod\u00e3o 34% poli\u00e9ster\r\n<\/pre>\n<p>&nbsp;<\/p>\n","protected":false},"excerpt":{"rendered":"<pre>Modelagem tradicional, reta e alongada, com acabamento em ribana nos punhos, barra e gola. Tecido com a parte interna em pel\u00facia, quente e confort\u00e1vel, ideal nos dias frios.<\/pre>\n","protected":false},"featured_media":3438,"comment_status":"open","ping_status":"closed","template":"","meta":[],"product_brand":[],"product_cat":[138,132,136],"product_tag":[],"class_list":{"0":"post-3317","1":"product","2":"type-product","3":"status-publish","4":"has-post-thumbnail","6":"product_cat-esportivo-masculino","7":"product_cat-masculino","8":"product_cat-moletom-masculino","9":"pa_cor-preto","11":"first","12":"instock","13":"shipping-taxable","14":"purchasable","15":"product-type-variable"},"_links":{"self":[{"href":"https:\/\/studiodwa.com.br\/pt_br\/wp-json\/wp\/v2\/product\/3317","targetHints":{"allow":["GET"]}}],"collection":[{"href":"https:\/\/studiodwa.com.br\/pt_br\/wp-json\/wp\/v2\/product"}],"about":[{"href":"https:\/\/studiodwa.com.br\/pt_br\/wp-json\/wp\/v2\/types\/product"}],"replies":[{"embeddable":true,"href":"https:\/\/studiodwa.com.br\/pt_br\/wp-json\/wp\/v2\/comments?post=3317"}],"wp:featuredmedia":[{"embeddable":true,"href":"https:\/\/studiodwa.com.br\/pt_br\/wp-json\/wp\/v2\/media\/3438"}],"wp:attachment":[{"href":"https:\/\/studiodwa.com.br\/pt_br\/wp-json\/wp\/v2\/media?parent=3317"}],"wp:term":[{"taxonomy":"product_brand","embeddable":true,"href":"https:\/\/studiodwa.com.br\/pt_br\/wp-json\/wp\/v2\/product_brand?post=3317"},{"taxonomy":"product_cat","embeddable":true,"href":"https:\/\/studiodwa.com.br\/pt_br\/wp-json\/wp\/v2\/product_cat?post=3317"},{"taxonomy":"product_tag","embeddable":true,"href":"https:\/\/studiodwa.com.br\/pt_br\/wp-json\/wp\/v2\/product_tag?post=3317"}],"curies":[{"name":"wp","href":"https:\/\/api.w.org\/{rel}","templated":true}]}}