{"id":3325,"date":"2024-07-18T21:59:37","date_gmt":"2024-07-18T21:59:37","guid":{"rendered":"https:\/\/studiodwa.com.br\/?post_type=product&#038;p=3325"},"modified":"2025-04-08T08:09:55","modified_gmt":"2025-04-08T11:09:55","slug":"moletomsoftcomcapuz","status":"publish","type":"product","link":"https:\/\/studiodwa.com.br\/pt_br\/produto\/moletomsoftcomcapuz\/","title":{"rendered":"moletom soft com capuz"},"content":{"rendered":"<pre>Moletom com capuz cruzado produzido com microsoft, nesta modelagem o capuz cruza na parte da frente, criando um efeito de gola,  protegendo tamb\u00e9m o pesco\u00e7o do frio. Corpo reto com punho, barra e capuz no mesmo tecido. Pe\u00e7a super quentinha, leve e com toque macio, ideal para o dia a dia. \r\n\r\ncomposi\u00e7\u00e3o:\r\n96% algod\u00e3o 4% elatano<\/pre>\n","protected":false},"excerpt":{"rendered":"<pre>Moletom com capuz cruzado produzido com microsoft, nesta modelagem o capuz cruza na parte da frente, criando um efeito de gola, protegendo tamb\u00e9m o pesco\u00e7o do frio. Corpo reto com punho, barra e capuz no mesmo tecido. Pe\u00e7a super quentinha, leve e com toque macio, ideal para o dia a dia.<\/pre>\n","protected":false},"featured_media":3209,"comment_status":"open","ping_status":"closed","template":"","meta":[],"product_brand":[],"product_cat":[17],"product_tag":[],"class_list":{"0":"post-3325","1":"product","2":"type-product","3":"status-publish","4":"has-post-thumbnail","6":"product_cat-sem-categoria","7":"pa_cor-preto","9":"first","10":"instock","11":"shipping-taxable","12":"purchasable","13":"product-type-variable"},"_links":{"self":[{"href":"https:\/\/studiodwa.com.br\/pt_br\/wp-json\/wp\/v2\/product\/3325","targetHints":{"allow":["GET"]}}],"collection":[{"href":"https:\/\/studiodwa.com.br\/pt_br\/wp-json\/wp\/v2\/product"}],"about":[{"href":"https:\/\/studiodwa.com.br\/pt_br\/wp-json\/wp\/v2\/types\/product"}],"replies":[{"embeddable":true,"href":"https:\/\/studiodwa.com.br\/pt_br\/wp-json\/wp\/v2\/comments?post=3325"}],"wp:featuredmedia":[{"embeddable":true,"href":"https:\/\/studiodwa.com.br\/pt_br\/wp-json\/wp\/v2\/media\/3209"}],"wp:attachment":[{"href":"https:\/\/studiodwa.com.br\/pt_br\/wp-json\/wp\/v2\/media?parent=3325"}],"wp:term":[{"taxonomy":"product_brand","embeddable":true,"href":"https:\/\/studiodwa.com.br\/pt_br\/wp-json\/wp\/v2\/product_brand?post=3325"},{"taxonomy":"product_cat","embeddable":true,"href":"https:\/\/studiodwa.com.br\/pt_br\/wp-json\/wp\/v2\/product_cat?post=3325"},{"taxonomy":"product_tag","embeddable":true,"href":"https:\/\/studiodwa.com.br\/pt_br\/wp-json\/wp\/v2\/product_tag?post=3325"}],"curies":[{"name":"wp","href":"https:\/\/api.w.org\/{rel}","templated":true}]}}