{"id":3400,"date":"2024-07-18T22:06:40","date_gmt":"2024-07-18T22:06:40","guid":{"rendered":"https:\/\/studiodwa.com.br\/?post_type=product&#038;p=3400"},"modified":"2024-12-30T13:41:31","modified_gmt":"2024-12-30T16:41:31","slug":"golasoft","status":"publish","type":"product","link":"https:\/\/studiodwa.com.br\/pt_br\/produto\/golasoft\/","title":{"rendered":"gola soft"},"content":{"rendered":"<pre>Tamb\u00e9m conhecida como balaclava, nossa gola ajust\u00e1vel \u00e9 ideal para os dias frios. Produzida com tecido soft, garante toque macio e suave quando em contato com a pele, protege o pesco\u00e7o e tamb\u00e9m o nariz, podendo ser usada como uma m\u00e1scara facial, basta subir\u00a0 a parte superior que cont\u00e9m o cord\u00e3o e ajustar no seu rosto.\r\n\r\ncomposi\u00e7\u00e3o:\r\n\r\n96% algod\u00e3o 4% elastano<\/pre>\n","protected":false},"excerpt":{"rendered":"<pre>Tamb\u00e9m conhecida como balaclava, nossa gola ajust\u00e1vel \u00e9 ideal para os dias frios. Produzida com tecido soft, garante toque macio e suave quando em contato com a pele, protege o pesco\u00e7o e tamb\u00e9m o nariz, podendo ser usada como uma m\u00e1scara facial, basta subir\u00a0 a parte superior que cont\u00e9m o cord\u00e3o e ajustar no seu rosto.<\/pre>\n","protected":false},"featured_media":3217,"comment_status":"open","ping_status":"closed","template":"","meta":[],"product_brand":[],"product_cat":[137,118,125],"product_tag":[],"class_list":{"0":"post-3400","1":"product","2":"type-product","3":"status-publish","4":"has-post-thumbnail","6":"product_cat-esportivo-feminino","7":"product_cat-feminino","8":"product_cat-moletom","9":"pa_cor-cinza-mescla","11":"first","12":"instock","13":"shipping-taxable","14":"purchasable","15":"product-type-variable"},"_links":{"self":[{"href":"https:\/\/studiodwa.com.br\/pt_br\/wp-json\/wp\/v2\/product\/3400","targetHints":{"allow":["GET"]}}],"collection":[{"href":"https:\/\/studiodwa.com.br\/pt_br\/wp-json\/wp\/v2\/product"}],"about":[{"href":"https:\/\/studiodwa.com.br\/pt_br\/wp-json\/wp\/v2\/types\/product"}],"replies":[{"embeddable":true,"href":"https:\/\/studiodwa.com.br\/pt_br\/wp-json\/wp\/v2\/comments?post=3400"}],"wp:featuredmedia":[{"embeddable":true,"href":"https:\/\/studiodwa.com.br\/pt_br\/wp-json\/wp\/v2\/media\/3217"}],"wp:attachment":[{"href":"https:\/\/studiodwa.com.br\/pt_br\/wp-json\/wp\/v2\/media?parent=3400"}],"wp:term":[{"taxonomy":"product_brand","embeddable":true,"href":"https:\/\/studiodwa.com.br\/pt_br\/wp-json\/wp\/v2\/product_brand?post=3400"},{"taxonomy":"product_cat","embeddable":true,"href":"https:\/\/studiodwa.com.br\/pt_br\/wp-json\/wp\/v2\/product_cat?post=3400"},{"taxonomy":"product_tag","embeddable":true,"href":"https:\/\/studiodwa.com.br\/pt_br\/wp-json\/wp\/v2\/product_tag?post=3400"}],"curies":[{"name":"wp","href":"https:\/\/api.w.org\/{rel}","templated":true}]}}