{"id":3773,"date":"2024-12-27T13:06:08","date_gmt":"2024-12-27T16:06:08","guid":{"rendered":"https:\/\/studiodwa.com.br\/?post_type=product&#038;p=3773"},"modified":"2025-04-23T20:39:42","modified_gmt":"2025-04-23T23:39:42","slug":"camiseta-cotton-egyptian","status":"publish","type":"product","link":"https:\/\/studiodwa.com.br\/pt_br\/produto\/camiseta-cotton-egyptian\/","title":{"rendered":"camiseta cotton egyptian"},"content":{"rendered":"<pre>Produzida com cotton egyptian essa camiseta \u00e9 indispens\u00e1vel no teu guarda-roupa. Feita em algod\u00e3o eg\u00edpcio a modelagem unissex oferece m\u00e1ximo conforto e bem-estar ao vestir. Modelo reto de manga curta mais alongada, pode ser usada tanto para pr\u00e1tica de atividade esportiva quanto no dia a dia.\u00a0 \r\n\r\ncomposi\u00e7\u00e3o: \r\n93% algod\u00e3o 7% elastano<\/pre>\n","protected":false},"excerpt":{"rendered":"<p>Produzida com cotton egyptian essa camiseta \u00e9 indispens\u00e1vel no teu guarda-roupa. Feita em algod\u00e3o eg\u00edpcio a modelagem unissex oferece m\u00e1ximo conforto e bem-estar ao vestir. Modelo reto de manga curta mais alongada, pode ser usada tanto para pr\u00e1tica de atividade esportiva quanto no dia a dia.<\/p>\n","protected":false},"featured_media":3774,"comment_status":"open","ping_status":"closed","template":"","meta":[],"product_brand":[],"product_cat":[122,137,118],"product_tag":[],"class_list":{"0":"post-3773","1":"product","2":"type-product","3":"status-publish","4":"has-post-thumbnail","6":"product_cat-camiseta","7":"product_cat-esportivo-feminino","8":"product_cat-feminino","9":"pa_cor-branco","11":"first","12":"instock","13":"shipping-taxable","14":"purchasable","15":"product-type-variable"},"_links":{"self":[{"href":"https:\/\/studiodwa.com.br\/pt_br\/wp-json\/wp\/v2\/product\/3773","targetHints":{"allow":["GET"]}}],"collection":[{"href":"https:\/\/studiodwa.com.br\/pt_br\/wp-json\/wp\/v2\/product"}],"about":[{"href":"https:\/\/studiodwa.com.br\/pt_br\/wp-json\/wp\/v2\/types\/product"}],"replies":[{"embeddable":true,"href":"https:\/\/studiodwa.com.br\/pt_br\/wp-json\/wp\/v2\/comments?post=3773"}],"wp:featuredmedia":[{"embeddable":true,"href":"https:\/\/studiodwa.com.br\/pt_br\/wp-json\/wp\/v2\/media\/3774"}],"wp:attachment":[{"href":"https:\/\/studiodwa.com.br\/pt_br\/wp-json\/wp\/v2\/media?parent=3773"}],"wp:term":[{"taxonomy":"product_brand","embeddable":true,"href":"https:\/\/studiodwa.com.br\/pt_br\/wp-json\/wp\/v2\/product_brand?post=3773"},{"taxonomy":"product_cat","embeddable":true,"href":"https:\/\/studiodwa.com.br\/pt_br\/wp-json\/wp\/v2\/product_cat?post=3773"},{"taxonomy":"product_tag","embeddable":true,"href":"https:\/\/studiodwa.com.br\/pt_br\/wp-json\/wp\/v2\/product_tag?post=3773"}],"curies":[{"name":"wp","href":"https:\/\/api.w.org\/{rel}","templated":true}]}}