{"id":3782,"date":"2024-12-27T13:10:27","date_gmt":"2024-12-27T16:10:27","guid":{"rendered":"https:\/\/studiodwa.com.br\/?post_type=product&#038;p=3782"},"modified":"2025-04-23T20:38:44","modified_gmt":"2025-04-23T23:38:44","slug":"camiseta-poliamida","status":"publish","type":"product","link":"https:\/\/studiodwa.com.br\/pt_br\/produto\/camiseta-poliamida\/","title":{"rendered":"camiseta poliamida"},"content":{"rendered":"<pre>Essa camiseta \u00e9 indispens\u00e1vel para o teu guarda-roupa, confeccionada em poliamida, modelagem reta e com a manga curta mais alongada, possui toque suave \u00e0 pele, desamassa no corpo e tem prote\u00e7\u00e3o UV 50+. Ideal para o dia a dia, mas em especial, para pr\u00e1tica de atividades f\u00edsica, possui tecnologia de alta absor\u00e7\u00e3o e pela leveza do tecido, proporciona r\u00e1pida evapora\u00e7\u00e3o, deixando o corpo seco e confort\u00e1vel.\r\n\r\ncomposi\u00e7\u00e3o:\r\n91% poliamida 9% elastano<\/pre>\n","protected":false},"excerpt":{"rendered":"<pre>Essa camiseta \u00e9 indispens\u00e1vel para o teu guarda-roupa, confeccionada em poliamida, modelagem reta e com a manga curta mais alongada, possui toque suave \u00e0 pele, desamassa no corpo e tem prote\u00e7\u00e3o UV 50+. Ideal para o dia a dia, mas em especial, para pr\u00e1tica de atividades f\u00edsica, possui tecnologia de alta absor\u00e7\u00e3o e pela leveza do tecido, proporciona r\u00e1pida evapora\u00e7\u00e3o, deixando o corpo seco e confort\u00e1vel.<\/pre>\n","protected":false},"featured_media":3930,"comment_status":"open","ping_status":"closed","template":"","meta":[],"product_brand":[],"product_cat":[122,137,118],"product_tag":[],"class_list":{"0":"post-3782","1":"product","2":"type-product","3":"status-publish","4":"has-post-thumbnail","6":"product_cat-camiseta","7":"product_cat-esportivo-feminino","8":"product_cat-feminino","9":"pa_cor-azul-marinho","10":"pa_cor-preto","12":"first","13":"instock","14":"shipping-taxable","15":"purchasable","16":"product-type-variable"},"_links":{"self":[{"href":"https:\/\/studiodwa.com.br\/pt_br\/wp-json\/wp\/v2\/product\/3782","targetHints":{"allow":["GET"]}}],"collection":[{"href":"https:\/\/studiodwa.com.br\/pt_br\/wp-json\/wp\/v2\/product"}],"about":[{"href":"https:\/\/studiodwa.com.br\/pt_br\/wp-json\/wp\/v2\/types\/product"}],"replies":[{"embeddable":true,"href":"https:\/\/studiodwa.com.br\/pt_br\/wp-json\/wp\/v2\/comments?post=3782"}],"wp:featuredmedia":[{"embeddable":true,"href":"https:\/\/studiodwa.com.br\/pt_br\/wp-json\/wp\/v2\/media\/3930"}],"wp:attachment":[{"href":"https:\/\/studiodwa.com.br\/pt_br\/wp-json\/wp\/v2\/media?parent=3782"}],"wp:term":[{"taxonomy":"product_brand","embeddable":true,"href":"https:\/\/studiodwa.com.br\/pt_br\/wp-json\/wp\/v2\/product_brand?post=3782"},{"taxonomy":"product_cat","embeddable":true,"href":"https:\/\/studiodwa.com.br\/pt_br\/wp-json\/wp\/v2\/product_cat?post=3782"},{"taxonomy":"product_tag","embeddable":true,"href":"https:\/\/studiodwa.com.br\/pt_br\/wp-json\/wp\/v2\/product_tag?post=3782"}],"curies":[{"name":"wp","href":"https:\/\/api.w.org\/{rel}","templated":true}]}}