{"id":3813,"date":"2024-12-27T13:19:51","date_gmt":"2024-12-27T16:19:51","guid":{"rendered":"https:\/\/studiodwa.com.br\/?post_type=product&#038;p=3813"},"modified":"2025-04-23T20:29:40","modified_gmt":"2025-04-23T23:29:40","slug":"calca-de-moletom","status":"publish","type":"product","link":"https:\/\/studiodwa.com.br\/pt_br\/produto\/calca-de-moletom\/","title":{"rendered":"cal\u00e7a de moletom"},"content":{"rendered":"<pre>Unissex, a cal\u00e7a de moletom tem modelagem reta, bolso faca e punho na barra. Na cintura, el\u00e1stico e cord\u00e3o ajust\u00e1vel para garantir maior conforto na hora de vestir, modelo amplo que permite a realiza\u00e7\u00e3o dos movimentos durante as atividades do dia a dia e nas pr\u00e1ticas esportivas. \r\n\r\ncomposi\u00e7\u00e3o: \r\n66% algod\u00e3o 34% poli\u00e9ster<\/pre>\n","protected":false},"excerpt":{"rendered":"<pre>Unissex, a cal\u00e7a de moletom tem modelagem reta, bolso faca e punho na barra. Na cintura, el\u00e1stico e cord\u00e3o ajust\u00e1vel para garantir maior conforto na hora de vestir, modelo amplo que permite a realiza\u00e7\u00e3o dos movimentos durante as atividades do dia a dia e nas pr\u00e1ticas esportivas.<\/pre>\n","protected":false},"featured_media":3814,"comment_status":"open","ping_status":"closed","template":"","meta":[],"product_brand":[],"product_cat":[166,123,137,118],"product_tag":[],"class_list":{"0":"post-3813","1":"product","2":"type-product","3":"status-publish","4":"has-post-thumbnail","6":"product_cat-calca","7":"product_cat-calca-moletom","8":"product_cat-esportivo-feminino","9":"product_cat-feminino","10":"pa_cor-preto","12":"first","13":"instock","14":"shipping-taxable","15":"purchasable","16":"product-type-variable","17":"has-default-attributes"},"_links":{"self":[{"href":"https:\/\/studiodwa.com.br\/pt_br\/wp-json\/wp\/v2\/product\/3813","targetHints":{"allow":["GET"]}}],"collection":[{"href":"https:\/\/studiodwa.com.br\/pt_br\/wp-json\/wp\/v2\/product"}],"about":[{"href":"https:\/\/studiodwa.com.br\/pt_br\/wp-json\/wp\/v2\/types\/product"}],"replies":[{"embeddable":true,"href":"https:\/\/studiodwa.com.br\/pt_br\/wp-json\/wp\/v2\/comments?post=3813"}],"wp:featuredmedia":[{"embeddable":true,"href":"https:\/\/studiodwa.com.br\/pt_br\/wp-json\/wp\/v2\/media\/3814"}],"wp:attachment":[{"href":"https:\/\/studiodwa.com.br\/pt_br\/wp-json\/wp\/v2\/media?parent=3813"}],"wp:term":[{"taxonomy":"product_brand","embeddable":true,"href":"https:\/\/studiodwa.com.br\/pt_br\/wp-json\/wp\/v2\/product_brand?post=3813"},{"taxonomy":"product_cat","embeddable":true,"href":"https:\/\/studiodwa.com.br\/pt_br\/wp-json\/wp\/v2\/product_cat?post=3813"},{"taxonomy":"product_tag","embeddable":true,"href":"https:\/\/studiodwa.com.br\/pt_br\/wp-json\/wp\/v2\/product_tag?post=3813"}],"curies":[{"name":"wp","href":"https:\/\/api.w.org\/{rel}","templated":true}]}}