{"id":3863,"date":"2024-12-30T14:16:50","date_gmt":"2024-12-30T17:16:50","guid":{"rendered":"https:\/\/studiodwa.com.br\/?post_type=product&#038;p=3863"},"modified":"2025-05-16T11:21:41","modified_gmt":"2025-05-16T14:21:41","slug":"moletom-sportswear","status":"publish","type":"product","link":"https:\/\/studiodwa.com.br\/pt_br\/produto\/moletom-sportswear\/","title":{"rendered":"moletom sportswear"},"content":{"rendered":"<pre>Unissex, o moletom sportswear tem modelagem reta, \u00e9 alongado no corpo e nos punhos, barra e gola tem acabamento com ribana. Tecido quentinho e confort\u00e1vel, indicado para a meia esta\u00e7\u00e3o, e quando combinado com pe\u00e7as mais quentes, se torna a camada ideal nos dias frios.\r\n\r\ncomposi\u00e7\u00e3o:\r\n66% algod\u00e3o 34% poli\u00e9ster<\/pre>\n<p>&nbsp;<\/p>\n<p>&nbsp;<\/p>\n","protected":false},"excerpt":{"rendered":"<pre>Unissex, o moletom fleece tem modelagem reta, \u00e9 alongado no corpo e nos punhos, barra e gola tem acabamento com ribana. Tecido quentinho e confort\u00e1vel, indicado para a meia esta\u00e7\u00e3o, e quando combinado com pe\u00e7as mais quentes, se torna a camada ideal nos dias frios.<\/pre>\n","protected":false},"featured_media":3871,"comment_status":"open","ping_status":"closed","template":"","meta":[],"product_brand":[],"product_cat":[138,132,136],"product_tag":[],"class_list":{"0":"post-3863","1":"product","2":"type-product","3":"status-publish","4":"has-post-thumbnail","6":"product_cat-esportivo-masculino","7":"product_cat-masculino","8":"product_cat-moletom-masculino","9":"pa_cor-preto","11":"first","12":"instock","13":"shipping-taxable","14":"purchasable","15":"product-type-variable"},"_links":{"self":[{"href":"https:\/\/studiodwa.com.br\/pt_br\/wp-json\/wp\/v2\/product\/3863","targetHints":{"allow":["GET"]}}],"collection":[{"href":"https:\/\/studiodwa.com.br\/pt_br\/wp-json\/wp\/v2\/product"}],"about":[{"href":"https:\/\/studiodwa.com.br\/pt_br\/wp-json\/wp\/v2\/types\/product"}],"replies":[{"embeddable":true,"href":"https:\/\/studiodwa.com.br\/pt_br\/wp-json\/wp\/v2\/comments?post=3863"}],"wp:featuredmedia":[{"embeddable":true,"href":"https:\/\/studiodwa.com.br\/pt_br\/wp-json\/wp\/v2\/media\/3871"}],"wp:attachment":[{"href":"https:\/\/studiodwa.com.br\/pt_br\/wp-json\/wp\/v2\/media?parent=3863"}],"wp:term":[{"taxonomy":"product_brand","embeddable":true,"href":"https:\/\/studiodwa.com.br\/pt_br\/wp-json\/wp\/v2\/product_brand?post=3863"},{"taxonomy":"product_cat","embeddable":true,"href":"https:\/\/studiodwa.com.br\/pt_br\/wp-json\/wp\/v2\/product_cat?post=3863"},{"taxonomy":"product_tag","embeddable":true,"href":"https:\/\/studiodwa.com.br\/pt_br\/wp-json\/wp\/v2\/product_tag?post=3863"}],"curies":[{"name":"wp","href":"https:\/\/api.w.org\/{rel}","templated":true}]}}