{"id":3936,"date":"2025-02-22T16:52:04","date_gmt":"2025-02-22T19:52:04","guid":{"rendered":"https:\/\/studiodwa.com.br\/?post_type=product&#038;p=3936"},"modified":"2025-04-23T20:23:20","modified_gmt":"2025-04-23T23:23:20","slug":"moletom-sportswear-2","status":"publish","type":"product","link":"https:\/\/studiodwa.com.br\/pt_br\/produto\/moletom-sportswear-2\/","title":{"rendered":"moletom sportswear"},"content":{"rendered":"<pre>Modelagem tradicional, reta e alongada, com acabamento em ribana nos punhos, barra e gola. Tecido com elastano na composi\u00e7\u00e3o, leve e confort\u00e1vel, permitindo movimentos livres, \u00e9 indicado para a meia esta\u00e7\u00e3o, mas quando combinado com pe\u00e7as mais quentes, se torna a camada ideal nos dias frios. \r\n\r\ncomposi\u00e7\u00e3o: 66% algod\u00e3o 27% poli\u00e9ster 7% elastano<\/pre>\n<p>&nbsp;<\/p>\n<p>&nbsp;<\/p>\n","protected":false},"excerpt":{"rendered":"<pre>Modelagem tradicional, reta e alongada, com acabamento em ribana nos punhos, barra e gola. Tecido com elastano na composi\u00e7\u00e3o, leve e confort\u00e1vel, permitindo movimentos livres, \u00e9 indicado para a meia esta\u00e7\u00e3o, mas quando combinado com pe\u00e7as mais quentes, se torna a camada ideal nos dias frios.<\/pre>\n","protected":false},"featured_media":3605,"comment_status":"open","ping_status":"closed","template":"","meta":[],"product_brand":[],"product_cat":[138,132,136],"product_tag":[],"class_list":{"0":"post-3936","1":"product","2":"type-product","3":"status-publish","4":"has-post-thumbnail","6":"product_cat-esportivo-masculino","7":"product_cat-masculino","8":"product_cat-moletom-masculino","9":"pa_cor-preto","11":"first","12":"instock","13":"shipping-taxable","14":"purchasable","15":"product-type-variable"},"_links":{"self":[{"href":"https:\/\/studiodwa.com.br\/pt_br\/wp-json\/wp\/v2\/product\/3936","targetHints":{"allow":["GET"]}}],"collection":[{"href":"https:\/\/studiodwa.com.br\/pt_br\/wp-json\/wp\/v2\/product"}],"about":[{"href":"https:\/\/studiodwa.com.br\/pt_br\/wp-json\/wp\/v2\/types\/product"}],"replies":[{"embeddable":true,"href":"https:\/\/studiodwa.com.br\/pt_br\/wp-json\/wp\/v2\/comments?post=3936"}],"wp:featuredmedia":[{"embeddable":true,"href":"https:\/\/studiodwa.com.br\/pt_br\/wp-json\/wp\/v2\/media\/3605"}],"wp:attachment":[{"href":"https:\/\/studiodwa.com.br\/pt_br\/wp-json\/wp\/v2\/media?parent=3936"}],"wp:term":[{"taxonomy":"product_brand","embeddable":true,"href":"https:\/\/studiodwa.com.br\/pt_br\/wp-json\/wp\/v2\/product_brand?post=3936"},{"taxonomy":"product_cat","embeddable":true,"href":"https:\/\/studiodwa.com.br\/pt_br\/wp-json\/wp\/v2\/product_cat?post=3936"},{"taxonomy":"product_tag","embeddable":true,"href":"https:\/\/studiodwa.com.br\/pt_br\/wp-json\/wp\/v2\/product_tag?post=3936"}],"curies":[{"name":"wp","href":"https:\/\/api.w.org\/{rel}","templated":true}]}}